{"id":203,"date":"2017-10-03T15:44:00","date_gmt":"2017-10-03T18:44:00","guid":{"rendered":"http:\/\/braobarbosa.com\/reparos\/?page_id=203"},"modified":"2024-01-13T20:08:50","modified_gmt":"2024-01-13T23:08:50","slug":"download-pdf","status":"publish","type":"page","link":"http:\/\/braobarbosa.com\/reparos\/download-pdf\/","title":{"rendered":"Download PDF"},"content":{"rendered":"<div style=\"float: left; clear: both; width: 100%; height: auto;\">\n<p style=\"float: left; clear: both; font-size: 0.8em;\">Insira seu email abaixo para fazer o download de &#8220;Reparos&#8221;.<\/p>\n<div style=\"float: left; clear: both;\">\n        <form method=\"post\" style=\"float: left; clear: both; width: 100%;\">\n            <input type=\"hidden\" name=\"download_brao_enviado\" id=\"download_brao_enviado\" value=\"sim\">\n            <input type=\"email\" name=\"download_brao_email\" id=\"download_brao_email\" placeholder=\"Preencha seu e-mail\" style=\"float: left; width: 64%; line-height: 0;\">\n            <input type=\"submit\" value=\"Download\" style=\"float: right; width: 34%; padding: 1em .844em;\">\n            <div style=\"clear: both;\"><\/div>\n        <\/form>\n    <\/div>\n<p style=\"float: left; clear: both; font-size: 0.8em;\">Seu email passar\u00e1 a integrar a lista de novidades.<\/p>\n<p style=\"float: left; clear: both; font-size: 0.8em;\">Mas fique tranquilo. Eu s\u00f3 envio emails quando realmente tiver algum projeto novo.<\/p>\n<p style=\"float: left; clear: both; font-size: 0.8em;\">Gostou dos quadrinhos? Eles s\u00e3o totalmente gr\u00e1tis, mas fique \u00e0 vontade caso queira fazer uma contribui\u00e7\u00e3o. ;)<\/p>\n<\/div>\n<div class=\"doacao\" style=\"float: left; clear: both; margin: 0 auto; width: auto !important;\">\n<div class=\"doacao-ps\" style=\"float: left; margin-right: 20px;\">\n<form style=\"margin-top: 31px; padding: 0;\" action=\"https:\/\/pagseguro.uol.com.br\/checkout\/v2\/donation.html\" method=\"post\" target=\"_blank\"><input name=\"currency\" type=\"hidden\" value=\"BRL\" \/><input name=\"receiverEmail\" type=\"hidden\" value=\"contato@braobarbosa.com\" \/><input style=\"margin: 0;\" alt=\"Pague com PagSeguro - \u00e9 r\u00e1pido, gr\u00e1tis e seguro!\" name=\"submit\" src=\"http:\/\/braobarbosa.com\/wp-content\/uploads\/permanent\/hqs\/button-pt-ps.png\" type=\"image\" \/><\/form>\n<\/div>\n<div class=\"doacao-pp\" style=\"float: left;\">\n<form action=\"https:\/\/www.paypal.com\/cgi-bin\/webscr\" method=\"post\" target=\"_blank\"><input name=\"cmd\" type=\"hidden\" value=\"_s-xclick\" \/><br \/>\n<input name=\"encrypted\" type=\"hidden\" value=\"-----BEGIN PKCS7-----MIIHNwYJKoZIhvcNAQcEoIIHKDCCByQCAQExggEwMIIBLAIBADCBlDCBjjELMAkGA1UEBhMCVVMxCzAJBgNVBAgTAkNBMRYwFAYDVQQHEw1Nb3VudGFpbiBWaWV3MRQwEgYDVQQKEwtQYXlQYWwgSW5jLjETMBEGA1UECxQKbGl2ZV9jZXJ0czERMA8GA1UEAxQIbGl2ZV9hcGkxHDAaBgkqhkiG9w0BCQEWDXJlQHBheXBhbC5jb20CAQAwDQYJKoZIhvcNAQEBBQAEgYBAXCw0NYIVinKcVUjSWYz4w6HM\/y4IRqwyvXAJE7j3ba3Y1yPeYrRbBDonKYM9\/wuZgSBSHQc1DDmeV\/4ki9mMl94qgEUY3ggVN4RcW7tw7G05S6ykCFYfVgUV\/DmEijCuSEzq4eiJ8LhqJDnfmpspN8603dchr6zM\/k0PKMuGnjELMAkGBSsOAwIaBQAwgbQGCSqGSIb3DQEHATAUBggqhkiG9w0DBwQIhKhx5G3cj0KAgZBOXoF7xtnwARq4FtWqNjAImu44SDc8+K5ebhlj0syNhyp+ABsA4jIobIPXc8xjsaYVNlP6Tmx1qgYDBMlNgDvPLjgx0meeSQbvVs0WqAlrLCQEvsbA5fIUsM4PxLu6C\/pbVHT+2uLoT9G+Kccjn17h5u5sFgghHMbUr9BKBgp5BB+F3yE4qbey8jjW4XBfTamgggOHMIIDgzCCAuygAwIBAgIBADANBgkqhkiG9w0BAQUFADCBjjELMAkGA1UEBhMCVVMxCzAJBgNVBAgTAkNBMRYwFAYDVQQHEw1Nb3VudGFpbiBWaWV3MRQwEgYDVQQKEwtQYXlQYWwgSW5jLjETMBEGA1UECxQKbGl2ZV9jZXJ0czERMA8GA1UEAxQIbGl2ZV9hcGkxHDAaBgkqhkiG9w0BCQEWDXJlQHBheXBhbC5jb20wHhcNMDQwMjEzMTAxMzE1WhcNMzUwMjEzMTAxMzE1WjCBjjELMAkGA1UEBhMCVVMxCzAJBgNVBAgTAkNBMRYwFAYDVQQHEw1Nb3VudGFpbiBWaWV3MRQwEgYDVQQKEwtQYXlQYWwgSW5jLjETMBEGA1UECxQKbGl2ZV9jZXJ0czERMA8GA1UEAxQIbGl2ZV9hcGkxHDAaBgkqhkiG9w0BCQEWDXJlQHBheXBhbC5jb20wgZ8wDQYJKoZIhvcNAQEBBQADgY0AMIGJAoGBAMFHTt38RMxLXJyO2SmS+Ndl72T7oKJ4u4uw+6awntALWh03PewmIJuzbALScsTS4sZoS1fKciBGoh11gIfHzylvkdNe\/hJl66\/RGqrj5rFb08sAABNTzDTiqqNpJeBsYs\/c2aiGozptX2RlnBktH+SUNpAajW724Nv2Wvhif6sFAgMBAAGjge4wgeswHQYDVR0OBBYEFJaffLvGbxe9WT9S1wob7BDWZJRrMIG7BgNVHSMEgbMwgbCAFJaffLvGbxe9WT9S1wob7BDWZJRroYGUpIGRMIGOMQswCQYDVQQGEwJVUzELMAkGA1UECBMCQ0ExFjAUBgNVBAcTDU1vdW50YWluIFZpZXcxFDASBgNVBAoTC1BheVBhbCBJbmMuMRMwEQYDVQQLFApsaXZlX2NlcnRzMREwDwYDVQQDFAhsaXZlX2FwaTEcMBoGCSqGSIb3DQEJARYNcmVAcGF5cGFsLmNvbYIBADAMBgNVHRMEBTADAQH\/MA0GCSqGSIb3DQEBBQUAA4GBAIFfOlaagFrl71+jq6OKidbWFSE+Q4FqROvdgIONth+8kSK\/\/Y\/4ihuE4Ymvzn5ceE3S\/iBSQQMjyvb+s2TWbQYDwcp129OPIbD9epdr4tJOUNiSojw7BHwYRiPh58S1xGlFgHFXwrEBb3dgNbMUa+u4qectsMAXpVHnD9wIyfmHMYIBmjCCAZYCAQEwgZQwgY4xCzAJBgNVBAYTAlVTMQswCQYDVQQIEwJDQTEWMBQGA1UEBxMNTW91bnRhaW4gVmlldzEUMBIGA1UEChMLUGF5UGFsIEluYy4xEzARBgNVBAsUCmxpdmVfY2VydHMxETAPBgNVBAMUCGxpdmVfYXBpMRwwGgYJKoZIhvcNAQkBFg1yZUBwYXlwYWwuY29tAgEAMAkGBSsOAwIaBQCgXTAYBgkqhkiG9w0BCQMxCwYJKoZIhvcNAQcBMBwGCSqGSIb3DQEJBTEPFw0xODAzMDIxMTUzMDJaMCMGCSqGSIb3DQEJBDEWBBSv+DOKVMNSCw8woslAxIl40R7isTANBgkqhkiG9w0BAQEFAASBgEiVZu0pyeviGyuJWxwFgMLuZyS+CadoPxiZph+4jJ5oGXbyqtyKZywBw\/QPhlFBDbo+PsmAGCyBAucI3RZPthLygqxGHzgQEbyMY\/pNuSqHlqX9BLpVbieQKX6xmFcFYJIHZRvzUrghNZYZMaEaZ5J3WxhTSXD5nx9LZiFsw27Q-----END PKCS7-----\n\" \/><input style=\"margin: 0;\" alt=\"PayPal - The safer, easier way to pay online!\" name=\"submit\" src=\"http:\/\/braobarbosa.com\/wp-content\/uploads\/permanent\/hqs\/button-pt-pp.png\" type=\"image\" \/><img loading=\"lazy\" decoding=\"async\" src=\"https:\/\/www.paypalobjects.com\/en_US\/i\/scr\/pixel.gif\" alt=\"\" width=\"1\" height=\"1\" border=\"0\" \/><\/form>\n<\/div>\n<\/div>\n","protected":false},"excerpt":{"rendered":"<p>Insira seu email abaixo para fazer o download de &#8220;Reparos&#8221;. Seu email passar\u00e1 a integrar a lista de novidades. Mas fique tranquilo. Eu s\u00f3 envio emails quando realmente tiver algum projeto novo. Gostou dos quadrinhos? Eles s\u00e3o totalmente gr\u00e1tis, mas fique \u00e0 vontade caso queira fazer uma contribui\u00e7\u00e3o. ;)<\/p>\n","protected":false},"author":1,"featured_media":106,"parent":0,"menu_order":0,"comment_status":"closed","ping_status":"closed","template":"","meta":{"footnotes":""},"class_list":["post-203","page","type-page","status-publish","has-post-thumbnail","hentry"],"jetpack_sharing_enabled":true,"jetpack_shortlink":"https:\/\/wp.me\/Pfq22R-3h","_links":{"self":[{"href":"http:\/\/braobarbosa.com\/reparos\/wp-json\/wp\/v2\/pages\/203","targetHints":{"allow":["GET"]}}],"collection":[{"href":"http:\/\/braobarbosa.com\/reparos\/wp-json\/wp\/v2\/pages"}],"about":[{"href":"http:\/\/braobarbosa.com\/reparos\/wp-json\/wp\/v2\/types\/page"}],"author":[{"embeddable":true,"href":"http:\/\/braobarbosa.com\/reparos\/wp-json\/wp\/v2\/users\/1"}],"replies":[{"embeddable":true,"href":"http:\/\/braobarbosa.com\/reparos\/wp-json\/wp\/v2\/comments?post=203"}],"version-history":[{"count":40,"href":"http:\/\/braobarbosa.com\/reparos\/wp-json\/wp\/v2\/pages\/203\/revisions"}],"predecessor-version":[{"id":433,"href":"http:\/\/braobarbosa.com\/reparos\/wp-json\/wp\/v2\/pages\/203\/revisions\/433"}],"wp:featuredmedia":[{"embeddable":true,"href":"http:\/\/braobarbosa.com\/reparos\/wp-json\/wp\/v2\/media\/106"}],"wp:attachment":[{"href":"http:\/\/braobarbosa.com\/reparos\/wp-json\/wp\/v2\/media?parent=203"}],"curies":[{"name":"wp","href":"https:\/\/api.w.org\/{rel}","templated":true}]}}