{"id":5,"date":"2015-01-31T19:29:04","date_gmt":"2015-01-31T21:29:04","guid":{"rendered":"http:\/\/braobarbosa.com\/jesusrocks\/?page_id=5"},"modified":"2024-08-11T18:37:52","modified_gmt":"2024-08-11T21:37:52","slug":"home","status":"publish","type":"page","link":"http:\/\/braobarbosa.com\/jesusrocks\/","title":{"rendered":"Jesus Rocks"},"content":{"rendered":"<div class=\"divcapa\">\n<div class=\"divcapaimagem\"><img loading=\"lazy\" decoding=\"async\" class=\"alignnone size-medium wp-image-12\" src=\"http:\/\/braobarbosa.com\/wp-content\/uploads\/permanent\/hqs\/cover-jr.png\" alt=\"jr-capa\" width=\"207\" height=\"300\" \/><\/div>\n<div class=\"divcapatexto\">\n<div class=\"divcapatitulo\"><span class=\"divcapatitulotexto\">Jesus Rocks<\/span><br \/>\n<span class=\"divcapatitulopreco\">R$ 10,00<\/span><span class=\"frete\">*Venda via Ugra Press<\/span><br \/>\n<span class=\"divcapatitulocomprar\"><a href=\"http:\/\/www.ugrapress.com.br\/quadrinhos\/brasileiros\/jesus-rocks\/\" target=\"_blank\" rel=\"noopener\">COMPRAR<\/a><\/span><\/div>\n<div class=\"divcapainfos\">\n<p>Jesus Rocks \u00e9 uma releitura da hist\u00f3ria do protagonista mais famoso de todos os tempos, narrando a vida de Cristo como um rockstar.<\/p>\n<p><strong>Qtde. P\u00e1ginas:<\/strong> 16<br \/>\n<strong>Impress\u00e3o:<\/strong> PB<br \/>\n<strong>Publica\u00e7\u00e3o:<\/strong> Independente<br \/>\n<strong>Ano:<\/strong> 2011<br \/>\n<strong>Tamanho:<\/strong> 14 cm x 21 cm<\/p>\n<\/div>\n<\/div>\n<\/div>\n<div class=\"divdigitais\">\n<div class=\"divdigitaistexto\">\n<p>VERS\u00d5ES DIGITAIS:<\/p>\n<\/div>\n<ul class=\"divdigitaisbotoes\">\n<li><a href=\"https:\/\/braobarbosa.gumroad.com\/l\/jesusrocks\" target=\"_blank\" class=\"pdf-button\" rel=\"noopener\"><\/a><\/li>\n<li><a href=\"https:\/\/braobarbosa.gumroad.com\/l\/jesusrocks\" target=\"_blank\" class=\"mobi-button\" rel=\"noopener\"><\/a><\/li>\n<li><a href=\"https:\/\/braobarbosa.gumroad.com\/l\/jesusrocks\" target=\"_blank\" class=\"cbr-button\" rel=\"noopener\"><\/a><\/li>\n<li><a href=\"https:\/\/www.comixology.com\/Jesus-Rocks\/digital-comic\/173964?ref=c2VyaWVzL3ZpZXcvZGVza3RvcC9ncmlkTGlzdC9HcmFwaGljTm92ZWxz\" target=\"_blank\" class=\"comixology-button\" rel=\"noopener\"><\/a><\/li>\n<li><a href=\"https:\/\/www.socialcomics.com.br\/ler\/jesus-rocks\/1\" target=\"_blank\" class=\"socialcomics-button\" rel=\"noopener\"><\/a><\/li>\n<li><a href=\"https:\/\/www.amazon.com\/dp\/B00AQVYRK2\" target=\"_blank\" class=\"kindle-button\" rel=\"noopener\"><\/a><\/li>\n<\/ul>\n<\/div>\n<div class=\"divindicacao\">\n<div class=\"divindicacaofoto\">\n<p><a href=\"https:\/\/twitter.com\/mendelevio\" target=\"_blank\" rel=\"noopener\"><img loading=\"lazy\" decoding=\"async\" class=\"alignnone size-full wp-image-18\" src=\"http:\/\/braobarbosa.com\/en.jesusrocks\/wp-content\/uploads\/2015\/01\/jr-joao.png\" alt=\"jr-joao\" width=\"159\" height=\"160\" \/><\/a><strong><a href=\"https:\/\/twitter.com\/mendelevio\" target=\"_blank\" rel=\"noopener\">Jo\u00e3o Marcos<\/a><\/strong>&#8220;O Mundo Mendel\u00e9vio e o Planeta Tel\u00faria&#8221;<\/p>\n<\/div>\n<div class=\"divindicacaotexto\">\n<blockquote><p>Br\u00e3o Barbosa entra no mundo dos quadrinhos com o p\u00e9 direito. \u201cJesus Rocks\u201d \u00e9 uma hist\u00f3ria \u201cmusical\u201d, fluida, envolvente e sobretudo cativante. Br\u00e3o nos apresenta uma hist\u00f3ria marcante, repleta de refer\u00eancias que d\u00e3o ainda mais sustenta\u00e7\u00e3o para a sua \u00f3tima narrativa, e que somado ao seu desenho expressivo, j\u00e1 aponta caminhos para a consolida\u00e7\u00e3o de seu estilo pessoal. Falando da paix\u00e3o pelo rock, sua hist\u00f3ria soa como uma boa can\u00e7\u00e3o,<br \/>\ndaquelas que d\u00e3o vontade de ouvir v\u00e1rias e repetidas vezes, e que nos deixam na expectativa sobre as pr\u00f3ximas que vir\u00e3o. Que seja assim tamb\u00e9m no mundo dos quadrinhos. Seja bem vindo, Br\u00e3o!&#8221;<\/p><\/blockquote>\n<\/div>\n<\/div>\n<div class=\"divtestimonials\">\n<div class=\"divtestimonial\">\n<div class=\"divtestimonialfoto\">\n<p><a href=\"https:\/\/twitter.com\/azaghal\" target=\"_blank\" rel=\"noopener\"><img loading=\"lazy\" decoding=\"async\" class=\"alignnone size-full wp-image-13\" src=\"http:\/\/braobarbosa.com\/en.jesusrocks\/wp-content\/uploads\/2015\/01\/jr-azaghal.png\" alt=\"jr-azaghal\" width=\"82\" height=\"82\" \/><\/a><a href=\"https:\/\/twitter.com\/azaghal\" target=\"_blank\" rel=\"noopener\"><strong>Azaghal<\/strong><\/a><\/p>\n<\/div>\n<div class=\"divtestimonialtexto\">\n<blockquote><p><a href=\"https:\/\/twitter.com\/azaghal\/status\/219833187776471040\" target=\"_blank\" rel=\"noopener\">Eu gostei ;)&#8221;<\/a><\/p><\/blockquote>\n<\/div>\n<\/div>\n<div class=\"divtestimonial\">\n<div class=\"divtestimonialfoto\">\n<p><a href=\"https:\/\/twitter.com\/betomrg\" target=\"_blank\" rel=\"noopener\"><img loading=\"lazy\" decoding=\"async\" class=\"alignnone size-full wp-image-13\" src=\"http:\/\/braobarbosa.com\/en.jesusrocks\/wp-content\/uploads\/2015\/01\/jr-beto.png\" alt=\"jr-beto\" width=\"82\" height=\"82\" \/><\/a><a href=\"https:\/\/twitter.com\/betomrg\" target=\"_blank\" rel=\"noopener\"><strong>Beto Duque Estrada<\/strong><\/a><\/p>\n<\/div>\n<div class=\"divtestimonialtexto\">\n<blockquote><p><a href=\"http:\/\/jovemnerd.com.br\/matando-robos-gigantes\/mrg-150-quadrinhos-god-gave-rock-and-roll-2\/\" target=\"_blank\" rel=\"noopener\">Br\u00e3o Barbosa pegou uma hist\u00f3ria absurdamente conhecida, que \u00e9 a hist\u00f3ria de Jesus, e a reconta numa par\u00e1bola rock\u2019n roll muito bem feita.&#8221;<\/a><\/p><\/blockquote>\n<\/div>\n<\/div>\n<div class=\"divtestimonial\">\n<div class=\"divtestimonialfoto\">\n<p><a href=\"https:\/\/twitter.com\/antoniobicarato\" target=\"_blank\" rel=\"noopener\"><img loading=\"lazy\" decoding=\"async\" class=\"alignnone size-full wp-image-16\" src=\"http:\/\/braobarbosa.com\/en.jesusrocks\/wp-content\/uploads\/2015\/01\/jr-antonio.png\" alt=\"jr-antonio\" width=\"82\" height=\"82\" \/><\/a><strong><a href=\"https:\/\/twitter.com\/antoniobicarato\" target=\"_blank\" rel=\"noopener\">Antonio Bicarato<\/a><\/strong><\/p>\n<\/div>\n<div class=\"divtestimonialtexto\">\n<blockquote><p><a href=\"http:\/\/cenariohq.com.br\/feliz-aniversario-minha-amada\/\" target=\"_blank\" rel=\"noopener\">&#8216;Jesus Rocks&#8217;, \u00e9 uma hist\u00f3ria singela e ao mesmo tempo bem elaborada, misturando rock e Jesus (\u2026) com muitas refer\u00eancias super bacanas.&#8221;<\/a><\/p><\/blockquote>\n<\/div>\n<\/div>\n<div class=\"divtestimonial\">\n<div class=\"divtestimonialfoto\">\n<p><a href=\"https:\/\/twitter.com\/LauraRNolasco\" target=\"_blank\" rel=\"noopener\"><img loading=\"lazy\" decoding=\"async\" class=\"alignnone size-full wp-image-14\" src=\"http:\/\/braobarbosa.com\/en.jesusrocks\/wp-content\/uploads\/2015\/01\/jr-laura.png\" alt=\"jr-laura\" width=\"82\" height=\"82\" \/><\/a><strong><a href=\"https:\/\/twitter.com\/LauraRNolasco\" target=\"_blank\" rel=\"noopener\">Laura Nolasco<\/a><\/strong><\/p>\n<\/div>\n<div class=\"divtestimonialtexto\">\n<blockquote><p><a href=\"http:\/\/a-meninadajanela.blogspot.com.br\/2012\/05\/2-bienal-do-livro-de-minas.html\" target=\"_blank\" rel=\"noopener\">N\u00e3o sei explicar direito como esse cara fez isso, s\u00f3 sei que o resultado foi fant\u00e1stico!&#8221;<\/a><\/p><\/blockquote>\n<\/div>\n<\/div>\n<\/div>\n","protected":false},"excerpt":{"rendered":"<p>Jesus Rocks R$ 10,00*Venda via Ugra Press COMPRAR Jesus Rocks \u00e9 uma releitura da hist\u00f3ria do protagonista mais famoso de todos os tempos, narrando a vida de Cristo como um rockstar. Qtde. P\u00e1ginas: 16 Impress\u00e3o: PB Publica\u00e7\u00e3o: Independente Ano: 2011 Tamanho: 14 cm x 21 cm VERS\u00d5ES DIGITAIS: Jo\u00e3o Marcos&#8220;O Mundo Mendel\u00e9vio e o Planeta [&hellip;]<\/p>\n","protected":false},"author":1,"featured_media":12,"parent":0,"menu_order":0,"comment_status":"open","ping_status":"open","template":"","meta":{"footnotes":""},"class_list":["post-5","page","type-page","status-publish","has-post-thumbnail","hentry"],"jetpack_sharing_enabled":true,"jetpack_shortlink":"https:\/\/wp.me\/P5GSma-5","_links":{"self":[{"href":"http:\/\/braobarbosa.com\/jesusrocks\/wp-json\/wp\/v2\/pages\/5","targetHints":{"allow":["GET"]}}],"collection":[{"href":"http:\/\/braobarbosa.com\/jesusrocks\/wp-json\/wp\/v2\/pages"}],"about":[{"href":"http:\/\/braobarbosa.com\/jesusrocks\/wp-json\/wp\/v2\/types\/page"}],"author":[{"embeddable":true,"href":"http:\/\/braobarbosa.com\/jesusrocks\/wp-json\/wp\/v2\/users\/1"}],"replies":[{"embeddable":true,"href":"http:\/\/braobarbosa.com\/jesusrocks\/wp-json\/wp\/v2\/comments?post=5"}],"version-history":[{"count":20,"href":"http:\/\/braobarbosa.com\/jesusrocks\/wp-json\/wp\/v2\/pages\/5\/revisions"}],"predecessor-version":[{"id":127,"href":"http:\/\/braobarbosa.com\/jesusrocks\/wp-json\/wp\/v2\/pages\/5\/revisions\/127"}],"wp:featuredmedia":[{"embeddable":true,"href":"http:\/\/braobarbosa.com\/jesusrocks\/wp-json\/wp\/v2\/media\/12"}],"wp:attachment":[{"href":"http:\/\/braobarbosa.com\/jesusrocks\/wp-json\/wp\/v2\/media?parent=5"}],"curies":[{"name":"wp","href":"https:\/\/api.w.org\/{rel}","templated":true}]}}