{"id":4,"date":"2015-01-31T21:00:57","date_gmt":"2015-01-31T23:00:57","guid":{"rendered":"http:\/\/braobarbosa.com\/felizaniversario\/?page_id=4"},"modified":"2024-08-12T07:01:41","modified_gmt":"2024-08-12T10:01:41","slug":"home","status":"publish","type":"page","link":"http:\/\/braobarbosa.com\/felizaniversario\/","title":{"rendered":"Home"},"content":{"rendered":"<div class=\"divcapa\">\n<div class=\"divcapaimagem\"><img loading=\"lazy\" decoding=\"async\" class=\"alignnone size-medium wp-image-12\" src=\"http:\/\/braobarbosa.com\/wp-content\/uploads\/permanent\/hqs\/cover-fama-pt.png\" alt=\"fama-capa\" width=\"207\" height=\"300\" \/><\/div>\n<div class=\"divcapatexto\">\n<div class=\"divcapatitulo\"><span class=\"divcapatitulotexto\">Feliz Anivers\u00e1rio, Minha Amada<\/span><br \/>\n<span class=\"divcapatitulopreco\">R$ 19,90<\/span><span class=\"frete\">*Venda via Comic House<\/span><br \/>\n<span class=\"divcapatitulocomprar\"><a href=\"https:\/\/www.comichouse.com.br\/produtos\/feliz-aniversario-minha-amada-de-brao\/?variant=53828187\" target=\"_blank\" rel=\"noopener noreferrer\">COMPRAR<\/a><\/span><\/div>\n<div class=\"divcapainfos\">\n<p>At\u00e9 que ponto uma pessoa pode ir para fisgar seu verdadeiro amor? Qual o pre\u00e7o a pagar? Quais as consequ\u00eancias? S\u00e3o perguntas que muitos passam a vida se perguntando. Ben\u00edcio n\u00e3o. Ele sempre soube as respostas.<\/p>\n<p><strong>Qtde. P\u00e1ginas:<\/strong> 40<br \/>\n<strong>Impress\u00e3o:<\/strong> Colorida<br \/>\n<strong>Publica\u00e7\u00e3o:<\/strong> Independente<br \/>\n<strong>Ano:<\/strong> 2013<br \/>\n<strong>Tamanho:<\/strong> 14 cm x 21 cm<\/p>\n<\/div>\n<\/div>\n<\/div>\n<div class=\"divdigitais\">\n<div class=\"divdigitaistexto\">\n<p>VERS\u00d5ES DIGITAIS:<\/p>\n<\/div>\n<ul class=\"divdigitaisbotoes\">\n<li><a href=\"https:\/\/braobarbosa.gumroad.com\/l\/felizaniversario\" target=\"_blank\" class=\"pdf-button\" rel=\"noopener\"><\/a><\/li>\n<li><a href=\"https:\/\/braobarbosa.gumroad.com\/l\/felizaniversario\" target=\"_blank\" class=\"mobi-button\" rel=\"noopener\"><\/a><\/li>\n<li><a href=\"https:\/\/braobarbosa.gumroad.com\/l\/felizaniversario\" target=\"_blank\" class=\"cbr-button\" rel=\"noopener\"><\/a><\/li>\n<li><a href=\"https:\/\/www.comixology.com\/Happy-Anniversary-My-Beloved\/digital-comic\/164940?ref=c2VyaWVzL3ZpZXcvZGVza3RvcC9ncmlkTGlzdC9HcmFwaGljTm92ZWxz\" target=\"_blank\" class=\"comixology-button\" rel=\"noopener noreferrer\"><\/a><\/li>\n<li><a href=\"https:\/\/www.socialcomics.com.br\/ler\/feliz-aniversrio-minha-amada\/1\" target=\"_blank\" class=\"socialcomics-button\" rel=\"noopener noreferrer\"><\/a><\/li>\n<li><a href=\"http:\/\/www.amazon.com.br\/dp\/B00SOXYWRW\" target=\"_blank\" class=\"kindle-button\" rel=\"noopener noreferrer\"><\/a><\/li>\n<\/ul>\n<\/div>\n<div class=\"divindicacao\">\n<div class=\"divindicacaofoto\"><a href=\"https:\/\/twitter.com\/fabioyabu\" target=\"_blank\" rel=\"noopener noreferrer\"><img loading=\"lazy\" decoding=\"async\" class=\"alignnone size-full wp-image-18\" src=\"http:\/\/braobarbosa.com\/felizaniversario\/wp-content\/uploads\/2015\/01\/fama-yabu.png\" alt=\"fama-yabu\" width=\"159\" height=\"160\" \/><\/a><strong><a href=\"https:\/\/twitter.com\/fabioyabu\" target=\"_blank\" rel=\"noopener noreferrer\">F\u00e1bio Yabu<\/a><\/strong>&#8220;Combo Rangers&#8221; &amp; &#8220;Princesas do Mar&#8221;<\/p>\n<\/div>\n<div class=\"divindicacaotexto\">\n<blockquote><p>Quem nunca sonhou em ser capaz de ler pensamentos? De penetrar na mente do pr\u00f3ximo, mergulhar em seus segredos e fantasias mais escondidos? A telepatia pode soar como uma b\u00ean\u00e7\u00e3o, mas, sinceramente, acho que ela seria a mais terr\u00edvel das maldi\u00e7\u00f5es. Afinal, quem seria capaz de se manter s\u00e3o frente aos traumas, loucuras e pesadelos que habitam a mente de um amigo, um irm\u00e3o, ou pior, da pessoa amada?<\/p>\n<p>Felizmente, somos surdos aos pensamentos uns dos outros. O mais pr\u00f3ximo que temos da telepatia s\u00e3o as hist\u00f3rias; nada menos que um reflexo da intrincada mente humana, met\u00e1foras fragmentadas de toda a dor e alegria que carregamos ao longo da vida.<\/p>\n<p>Na hist\u00f3ria &#8216;Feliz Aniversario, Minha Amada&#8217;, Br\u00e3o Barbosa nos permite adentrar um pouco em sua mente, um complexo labirinto pincelado a sangue e nanquim, constru\u00eddo com ironia e sadismo. Eu n\u00e3o garanto que voc\u00ea vai voltar, mas posso assegurar que se divertir\u00e1 um bocado.&#8221;<\/p><\/blockquote>\n<\/div>\n<\/div>\n<div class=\"divtestimonials\">\n<div class=\"divtestimonial\">\n<div class=\"divtestimonialfoto\">\n<p><a href=\"https:\/\/twitter.com\/betomrg\" target=\"_blank\" rel=\"noopener noreferrer\"><img loading=\"lazy\" decoding=\"async\" class=\"alignnone size-full wp-image-13\" src=\"http:\/\/braobarbosa.com\/felizaniversario\/wp-content\/uploads\/2015\/01\/fama-beto.png\" alt=\"fama-beto\" width=\"82\" height=\"82\" \/><\/a><a href=\"https:\/\/twitter.com\/betomrg\" target=\"_blank\" rel=\"noopener noreferrer\"><strong>Beto Duque Estrada<\/strong><\/a><\/p>\n<\/div>\n<div class=\"divtestimonialtexto\">\n<blockquote><p><a href=\"http:\/\/jovemnerd.com.br\/matando-robos-gigantes\/mrg-232-guardioes-da-galaxia\/\" target=\"_blank\" rel=\"noopener noreferrer\">O Br\u00e3o est\u00e1 de parab\u00e9ns. Da mente dele saem coisas muito agressivas. \u2018Feliz Anivers\u00e1rio, Minha Amada\u2019 \u00e9 uma hist\u00f3ria muito bonitinha com um plot twist fant\u00e1stico.&#8221;<\/a><\/p><\/blockquote>\n<\/div>\n<\/div>\n<div class=\"divtestimonial\">\n<div class=\"divtestimonialfoto\">\n<p><a href=\"https:\/\/twitter.com\/pedroturambar\" target=\"_blank\" rel=\"noopener noreferrer\"><img loading=\"lazy\" decoding=\"async\" class=\"alignnone size-full wp-image-17\" src=\"http:\/\/braobarbosa.com\/felizaniversario\/wp-content\/uploads\/2015\/01\/fama-pedro.png\" alt=\"fama-pedro\" width=\"82\" height=\"82\" \/><\/a><strong><a href=\"https:\/\/twitter.com\/pedroturambar\" target=\"_blank\" rel=\"noopener noreferrer\">Pedro Turambar<\/a><\/strong><\/p>\n<\/div>\n<div class=\"divtestimonialtexto\">\n<blockquote><p><a href=\"http:\/\/www.judao.com.br\/8\/livros-hqs\/feliz-aniversario-minha-amada-uma-hq-tragicomica-que-vai-te-chocar-e-te-divertir-d\/\" target=\"_blank\" rel=\"noopener noreferrer\">A forma bem humorada de contar uma hist\u00f3ria, o humor negro, personagens fortes e refer\u00eancias\u2026 Centenas de refer\u00eancias a cultura pop capaz de fazer qualquer nerd feliz.&#8221;<\/a><\/p><\/blockquote>\n<\/div>\n<\/div>\n<div class=\"divtestimonial\">\n<div class=\"divtestimonialfoto\">\n<p><a href=\"https:\/\/twitter.com\/lucas_ed\" target=\"_blank\" rel=\"noopener noreferrer\"><img loading=\"lazy\" decoding=\"async\" class=\"alignnone size-full wp-image-16\" src=\"http:\/\/braobarbosa.com\/felizaniversario\/wp-content\/uploads\/2015\/01\/fama-lucas.png\" alt=\"fama-lucas\" width=\"82\" height=\"82\" \/><\/a><strong><a href=\"https:\/\/twitter.com\/lucas_ed\" target=\"_blank\" rel=\"noopener noreferrer\">Lucas Ed<\/a><\/strong><\/p>\n<\/div>\n<div class=\"divtestimonialtexto\">\n<blockquote><p><a href=\"http:\/\/melhoresdomundo.net\/resenhas-granel-titulos-independentes\/\" target=\"_blank\" rel=\"noopener noreferrer\">Confesso que fui ler cheio de expectativa e, se todo castigo pra corno \u00e9 pouco, todo elogio que \u2018Feliz Anivers\u00e1rio, Minha Amada\u2019 recebeu tamb\u00e9m era!&#8221;<\/a><\/p><\/blockquote>\n<\/div>\n<\/div>\n<div class=\"divtestimonial\">\n<div class=\"divtestimonialfoto\">\n<p><a href=\"https:\/\/www.facebook.com\/bruno.luiz.zago\" target=\"_blank\" rel=\"noopener noreferrer\"><img loading=\"lazy\" decoding=\"async\" class=\"alignnone size-full wp-image-14\" src=\"http:\/\/braobarbosa.com\/felizaniversario\/wp-content\/uploads\/2015\/01\/fama-bruno.png\" alt=\"fama-bruno\" width=\"82\" height=\"82\" \/><\/a><strong><a href=\"https:\/\/www.facebook.com\/bruno.luiz.zago\" target=\"_blank\" rel=\"noopener noreferrer\">Bruno Zago<\/a><\/strong><\/p>\n<\/div>\n<div class=\"divtestimonialtexto\">\n<blockquote><p><a href=\"http:\/\/youtu.be\/m0Y-spuBS54?t=36m7s\" target=\"_blank\" rel=\"noopener noreferrer\">O principal ponto positivo da HQ \u00e9 sua narrativa, com cada detalhe fundamental sendo revelado em doses homeop\u00e1ticas, num suspense que apenas mineiros contadores de hist\u00f3rias sabem contar e dos quais Br\u00e3o \u00e9 um digno representante.&#8221;<\/a><\/p><\/blockquote>\n<\/div>\n<\/div>\n<\/div>\n","protected":false},"excerpt":{"rendered":"<p>Feliz Anivers\u00e1rio, Minha Amada R$ 19,90*Venda via Comic House COMPRAR At\u00e9 que ponto uma pessoa pode ir para fisgar seu verdadeiro amor? Qual o pre\u00e7o a pagar? Quais as consequ\u00eancias? S\u00e3o perguntas que muitos passam a vida se perguntando. Ben\u00edcio n\u00e3o. Ele sempre soube as respostas. Qtde. P\u00e1ginas: 40 Impress\u00e3o: Colorida Publica\u00e7\u00e3o: Independente Ano: 2013 [&hellip;]<\/p>\n","protected":false},"author":1,"featured_media":18,"parent":0,"menu_order":0,"comment_status":"open","ping_status":"open","template":"","meta":{"footnotes":""},"class_list":["post-4","page","type-page","status-publish","has-post-thumbnail","hentry"],"jetpack_sharing_enabled":true,"jetpack_shortlink":"https:\/\/wp.me\/P5GT5o-4","_links":{"self":[{"href":"http:\/\/braobarbosa.com\/felizaniversario\/wp-json\/wp\/v2\/pages\/4","targetHints":{"allow":["GET"]}}],"collection":[{"href":"http:\/\/braobarbosa.com\/felizaniversario\/wp-json\/wp\/v2\/pages"}],"about":[{"href":"http:\/\/braobarbosa.com\/felizaniversario\/wp-json\/wp\/v2\/types\/page"}],"author":[{"embeddable":true,"href":"http:\/\/braobarbosa.com\/felizaniversario\/wp-json\/wp\/v2\/users\/1"}],"replies":[{"embeddable":true,"href":"http:\/\/braobarbosa.com\/felizaniversario\/wp-json\/wp\/v2\/comments?post=4"}],"version-history":[{"count":26,"href":"http:\/\/braobarbosa.com\/felizaniversario\/wp-json\/wp\/v2\/pages\/4\/revisions"}],"predecessor-version":[{"id":174,"href":"http:\/\/braobarbosa.com\/felizaniversario\/wp-json\/wp\/v2\/pages\/4\/revisions\/174"}],"wp:featuredmedia":[{"embeddable":true,"href":"http:\/\/braobarbosa.com\/felizaniversario\/wp-json\/wp\/v2\/media\/18"}],"wp:attachment":[{"href":"http:\/\/braobarbosa.com\/felizaniversario\/wp-json\/wp\/v2\/media?parent=4"}],"curies":[{"name":"wp","href":"https:\/\/api.w.org\/{rel}","templated":true}]}}