{"id":7,"date":"2015-01-28T00:05:00","date_gmt":"2015-01-28T00:05:00","guid":{"rendered":"http:\/\/braobarbosa.com\/en.jesusrocks\/?page_id=7"},"modified":"2024-08-11T18:25:48","modified_gmt":"2024-08-11T21:25:48","slug":"home","status":"publish","type":"page","link":"http:\/\/braobarbosa.com\/en.jesusrocks\/","title":{"rendered":"Jesus Rocks"},"content":{"rendered":"<div class=\"divcapa\">\n<div class=\"divcapaimagem\"><img loading=\"lazy\" decoding=\"async\" class=\"alignnone size-medium wp-image-12\" src=\"http:\/\/braobarbosa.com\/wp-content\/uploads\/permanent\/hqs\/cover-jr.png\" alt=\"jr-capa\" width=\"207\" height=\"300\" \/><\/div>\n<div class=\"divcapatexto\">\n<div class=\"divcapatitulo\">\n<p><span class=\"divcapatitulotexto\">Jesus Rocks<\/span><\/p>\n<div class=\"divcapainfos\">\n<p>Jesus Rocks is a retelling story of the most famous player of all time. Christ\u2019s life as a rockstar.<\/p>\n<p><strong>Pages:<\/strong> 16<br \/>\n<strong>Publisher:<\/strong> Indie<br \/>\n<strong>Year:<\/strong> 2011<br \/>\n<strong>Size:<\/strong> 14 cm x 21 cm<\/p>\n<\/div>\n<\/div>\n<\/div>\n<div class=\"divdigitais\">\n<div class=\"divdigitaistexto\">\n<p>DIGITAL VERSIONS:<\/p>\n<\/div>\n<ul class=\"divdigitaisbotoes\">\n<li><a href=\"https:\/\/braobarbosa.gumroad.com\/l\/en-jesusrocks\" target=\"_blank\" class=\"pdf-button\" rel=\"noopener\"><\/a><\/li>\n<li><a href=\"https:\/\/braobarbosa.gumroad.com\/l\/en-jesusrocks\" target=\"_blank\" class=\"mobi-button\" rel=\"noopener\"><\/a><\/li>\n<li><a href=\"https:\/\/braobarbosa.gumroad.com\/l\/en-jesusrocks\" target=\"_blank\" class=\"cbr-button\" rel=\"noopener\"><\/a><\/li>\n<li><a href=\"https:\/\/www.comixology.com\/Jesus-Rocks\/digital-comic\/173964?ref=c2VyaWVzL3ZpZXcvZGVza3RvcC9ncmlkTGlzdC9HcmFwaGljTm92ZWxz\" target=\"_blank\" class=\"comixology-button\" rel=\"noopener\"><\/a><\/li>\n<li><a href=\"https:\/\/www.socialcomics.com.br\/ler\/jesus-rocks\/1\" target=\"_blank\" class=\"socialcomics-button\" rel=\"noopener\"><\/a><\/li>\n<li><a href=\"https:\/\/www.amazon.com\/dp\/B00AQVYRK2\" target=\"_blank\" class=\"kindle-button\" rel=\"noopener\"><\/a><\/li>\n<\/ul>\n<\/div>\n<div class=\"divindicacao\">\n<div class=\"divindicacaofoto\">\n<p><a href=\"https:\/\/twitter.com\/mendelevio\" target=\"_blank\" rel=\"noopener\"><img loading=\"lazy\" decoding=\"async\" class=\"alignnone size-full wp-image-18\" src=\"http:\/\/braobarbosa.com\/en.jesusrocks\/wp-content\/uploads\/2015\/01\/jr-joao.png\" alt=\"jr-joao\" width=\"159\" height=\"160\" \/><\/a><strong><a href=\"https:\/\/twitter.com\/mendelevio\" target=\"_blank\" rel=\"noopener\">Jo\u00e3o Marcos<\/a><\/strong>&#8220;O Mundo Mendel\u00e9vio e o Planeta Tel\u00faria&#8221;<\/p>\n<\/div>\n<div class=\"divindicacaotexto\">\n<blockquote><p>Br\u00e3o Barbosa enters in world of comics with his right foot. Jesus Rocks is a &#8220;musical&#8221; story, fluid, engaging and above all, captivating. Br\u00e3o gives us a remarkable story, full of references, which give even more support for his great narrative, that join his expressive draws, which already shows the way to consolidate his personal style. Talking about rock passion, his story sounds like a good song, like those that make us want to hear again and again, and leave us in the expectation on the next to come.<\/p>\n<p>That is so in the comics world.<\/p>\n<p>Welcome, Br\u00e3o!&#8221;<\/p><\/blockquote>\n<\/div>\n<\/div>\n<div class=\"divtestimonials\">\n<div class=\"divtestimonial\">\n<div class=\"divtestimonialfoto\">\n<p><a href=\"https:\/\/twitter.com\/azaghal\" target=\"_blank\" rel=\"noopener\"><img loading=\"lazy\" decoding=\"async\" class=\"alignnone size-full wp-image-13\" src=\"http:\/\/braobarbosa.com\/en.jesusrocks\/wp-content\/uploads\/2015\/01\/jr-azaghal.png\" alt=\"jr-azaghal\" width=\"82\" height=\"82\" \/><\/a><a href=\"https:\/\/twitter.com\/azaghal\" target=\"_blank\" rel=\"noopener\"><strong>Azaghal<\/strong><\/a><\/p>\n<\/div>\n<div class=\"divtestimonialtexto\">\n<blockquote><p><a href=\"https:\/\/twitter.com\/azaghal\/status\/219833187776471040\" target=\"_blank\" rel=\"noopener\">I liked it ;)&#8221;<\/a><\/p><\/blockquote>\n<\/div>\n<\/div>\n<div class=\"divtestimonial\">\n<div class=\"divtestimonialfoto\">\n<p><a href=\"https:\/\/twitter.com\/betomrg\" target=\"_blank\" rel=\"noopener\"><img loading=\"lazy\" decoding=\"async\" class=\"alignnone size-full wp-image-13\" src=\"http:\/\/braobarbosa.com\/en.jesusrocks\/wp-content\/uploads\/2015\/01\/jr-beto.png\" alt=\"jr-beto\" width=\"82\" height=\"82\" \/><\/a><a href=\"https:\/\/twitter.com\/betomrg\" target=\"_blank\" rel=\"noopener\"><strong>Beto Duque Estrada<\/strong><\/a><\/p>\n<\/div>\n<div class=\"divtestimonialtexto\">\n<blockquote><p><a href=\"http:\/\/jovemnerd.com.br\/matando-robos-gigantes\/mrg-150-quadrinhos-god-gave-rock-and-roll-2\/\" target=\"_blank\" rel=\"noopener\">Br\u00e3o Barbosa took an absurdly known story, which is the story of Jesus, and recounts it in a rock&#8217;n roll parable very well made.&#8221;<\/a><\/p><\/blockquote>\n<\/div>\n<\/div>\n<div class=\"divtestimonial\">\n<div class=\"divtestimonialfoto\">\n<p><a href=\"https:\/\/twitter.com\/antoniobicarato\" target=\"_blank\" rel=\"noopener\"><img loading=\"lazy\" decoding=\"async\" class=\"alignnone size-full wp-image-16\" src=\"http:\/\/braobarbosa.com\/en.jesusrocks\/wp-content\/uploads\/2015\/01\/jr-antonio.png\" alt=\"jr-antonio\" width=\"82\" height=\"82\" \/><\/a><strong><a href=\"https:\/\/twitter.com\/antoniobicarato\" target=\"_blank\" rel=\"noopener\">Antonio Bicarato<\/a><\/strong><\/p>\n<\/div>\n<div class=\"divtestimonialtexto\">\n<blockquote><p><a href=\"http:\/\/cenariohq.com.br\/feliz-aniversario-minha-amada\/\" target=\"_blank\" rel=\"noopener\">&#8216;Jesus Rocks&#8217;, is a simple story and at the same time well-crafted, mixing rock and Jesus (&#8230;) with many super cool references.&#8221;<\/a><\/p><\/blockquote>\n<\/div>\n<\/div>\n<div class=\"divtestimonial\">\n<div class=\"divtestimonialfoto\">\n<p><a href=\"https:\/\/twitter.com\/LauraRNolasco\" target=\"_blank\" rel=\"noopener\"><img loading=\"lazy\" decoding=\"async\" class=\"alignnone size-full wp-image-14\" src=\"http:\/\/braobarbosa.com\/en.jesusrocks\/wp-content\/uploads\/2015\/01\/jr-laura.png\" alt=\"jr-laura\" width=\"82\" height=\"82\" \/><\/a><strong><a href=\"https:\/\/twitter.com\/LauraRNolasco\" target=\"_blank\" rel=\"noopener\">Laura Nolasco<\/a><\/strong><\/p>\n<\/div>\n<div class=\"divtestimonialtexto\">\n<blockquote><p><a href=\"http:\/\/a-meninadajanela.blogspot.com.br\/2012\/05\/2-bienal-do-livro-de-minas.html\" target=\"_blank\" rel=\"noopener\">I don&#8217;t know how to explain exactly how this guy made it, just know that the result was fantastic!&#8221;<\/a><\/p><\/blockquote>\n<\/div>\n<\/div>\n<\/div>\n<\/div>\n","protected":false},"excerpt":{"rendered":"<p>Jesus Rocks Jesus Rocks is a retelling story of the most famous player of all time. Christ\u2019s life as a rockstar. Pages: 16 Publisher: Indie Year: 2011 Size: 14 cm x 21 cm DIGITAL VERSIONS: Jo\u00e3o Marcos&#8220;O Mundo Mendel\u00e9vio e o Planeta Tel\u00faria&#8221; Br\u00e3o Barbosa enters in world of comics with his right foot. Jesus [&hellip;]<\/p>\n","protected":false},"author":1,"featured_media":8,"parent":0,"menu_order":0,"comment_status":"open","ping_status":"open","template":"","meta":{"footnotes":""},"class_list":["post-7","page","type-page","status-publish","has-post-thumbnail","hentry"],"_links":{"self":[{"href":"http:\/\/braobarbosa.com\/en.jesusrocks\/wp-json\/wp\/v2\/pages\/7","targetHints":{"allow":["GET"]}}],"collection":[{"href":"http:\/\/braobarbosa.com\/en.jesusrocks\/wp-json\/wp\/v2\/pages"}],"about":[{"href":"http:\/\/braobarbosa.com\/en.jesusrocks\/wp-json\/wp\/v2\/types\/page"}],"author":[{"embeddable":true,"href":"http:\/\/braobarbosa.com\/en.jesusrocks\/wp-json\/wp\/v2\/users\/1"}],"replies":[{"embeddable":true,"href":"http:\/\/braobarbosa.com\/en.jesusrocks\/wp-json\/wp\/v2\/comments?post=7"}],"version-history":[{"count":38,"href":"http:\/\/braobarbosa.com\/en.jesusrocks\/wp-json\/wp\/v2\/pages\/7\/revisions"}],"predecessor-version":[{"id":265,"href":"http:\/\/braobarbosa.com\/en.jesusrocks\/wp-json\/wp\/v2\/pages\/7\/revisions\/265"}],"wp:featuredmedia":[{"embeddable":true,"href":"http:\/\/braobarbosa.com\/en.jesusrocks\/wp-json\/wp\/v2\/media\/8"}],"wp:attachment":[{"href":"http:\/\/braobarbosa.com\/en.jesusrocks\/wp-json\/wp\/v2\/media?parent=7"}],"curies":[{"name":"wp","href":"https:\/\/api.w.org\/{rel}","templated":true}]}}